{"id":1356,"date":"2025-10-17T15:38:23","date_gmt":"2025-10-17T15:38:23","guid":{"rendered":"https:\/\/oledtransparentscreen.us\/product\/commercial-best-led-face-mask-solution-for-health-clubs-professional-quality-tech-e84-77-distributor-pricing-phoenix-leader-usa\/"},"modified":"2025-10-17T15:38:23","modified_gmt":"2025-10-17T15:38:23","slug":"commercial-best-led-face-mask-solution-for-health-clubs-professional-quality-tech-e84-77-distributor-pricing-phoenix-leader-usa","status":"publish","type":"product","link":"https:\/\/oledtransparentscreen.us\/es\/product\/commercial-best-led-face-mask-solution-for-health-clubs-professional-quality-tech-e84-77-distributor-pricing-phoenix-leader-usa\/","title":{"rendered":"La mejor soluci\u00f3n comercial de m\u00e1scaras faciales de leds para gimnasios - Tecnolog\u00eda de calidad profesional | \u20ac84.77 | Precio de distribuidor | Phoenix Leader, EE.UU."},"content":{"rendered":"","protected":false},"excerpt":{"rendered":"","protected":false},"featured_media":0,"comment_status":"open","ping_status":"closed","template":"","meta":[],"product_brand":[],"product_cat":[16],"product_tag":[18,20,17,19],"class_list":{"0":"post-1356","1":"product","2":"type-product","3":"status-publish","5":"product_cat-manufacturer-of-advanced-led-red-light-therapy-devices","6":"product_tag-b2b","7":"product_tag-led-mask","8":"product_tag-red-light-therapy","9":"product_tag-wholesale","11":"first","12":"instock","13":"shipping-taxable","14":"product-type-simple","15":"customify-col"},"yoast_head":"<!-- This site is optimized with the Yoast SEO plugin v26.6 - https:\/\/yoast.com\/wordpress\/plugins\/seo\/ -->\n<title>Commercial best led face mask Solution for Health Clubs - Professional Quality Tech | \u20ac84.77 | Distributor Pricing | Phoenix Leader, USA - Light Therapy Masks, Panels, and Pads USA &amp; Canada Wholesale Distributors<\/title>\n<meta name=\"robots\" content=\"index, follow, max-snippet:-1, max-image-preview:large, max-video-preview:-1\" \/>\n<link rel=\"canonical\" href=\"https:\/\/oledtransparentscreen.us\/es\/product\/commercial-best-led-face-mask-solution-for-health-clubs-professional-quality-tech-e84-77-distributor-pricing-phoenix-leader-usa\/\" \/>\n<meta property=\"og:locale\" content=\"es_MX\" \/>\n<meta property=\"og:type\" content=\"article\" \/>\n<meta property=\"og:title\" content=\"Commercial best led face mask Solution for Health Clubs - Professional Quality Tech | \u20ac84.77 | Distributor Pricing | Phoenix Leader, USA - Light Therapy Masks, Panels, and Pads USA &amp; Canada Wholesale Distributors\" \/>\n<meta property=\"og:url\" content=\"https:\/\/oledtransparentscreen.us\/es\/product\/commercial-best-led-face-mask-solution-for-health-clubs-professional-quality-tech-e84-77-distributor-pricing-phoenix-leader-usa\/\" \/>\n<meta property=\"og:site_name\" content=\"Launch Your Own Brand Red Light Therapy Devices in the USA &amp; Canada\" \/>\n<meta name=\"twitter:card\" content=\"summary_large_image\" \/>\n<script type=\"application\/ld+json\" class=\"yoast-schema-graph\">{\"@context\":\"https:\/\/schema.org\",\"@graph\":[{\"@type\":\"WebPage\",\"@id\":\"https:\/\/oledtransparentscreen.us\/product\/commercial-best-led-face-mask-solution-for-health-clubs-professional-quality-tech-e84-77-distributor-pricing-phoenix-leader-usa\/\",\"url\":\"https:\/\/oledtransparentscreen.us\/product\/commercial-best-led-face-mask-solution-for-health-clubs-professional-quality-tech-e84-77-distributor-pricing-phoenix-leader-usa\/\",\"name\":\"Commercial best led face mask Solution for Health Clubs - Professional Quality Tech | \u20ac84.77 | Distributor Pricing | Phoenix Leader, USA - Light Therapy Masks, Panels, and Pads USA & Canada Wholesale Distributors\",\"isPartOf\":{\"@id\":\"https:\/\/oledtransparentscreen.us\/#website\"},\"datePublished\":\"2025-10-17T15:38:23+00:00\",\"breadcrumb\":{\"@id\":\"https:\/\/oledtransparentscreen.us\/product\/commercial-best-led-face-mask-solution-for-health-clubs-professional-quality-tech-e84-77-distributor-pricing-phoenix-leader-usa\/#breadcrumb\"},\"inLanguage\":\"es\",\"potentialAction\":[{\"@type\":\"ReadAction\",\"target\":[\"https:\/\/oledtransparentscreen.us\/product\/commercial-best-led-face-mask-solution-for-health-clubs-professional-quality-tech-e84-77-distributor-pricing-phoenix-leader-usa\/\"]}]},{\"@type\":\"BreadcrumbList\",\"@id\":\"https:\/\/oledtransparentscreen.us\/product\/commercial-best-led-face-mask-solution-for-health-clubs-professional-quality-tech-e84-77-distributor-pricing-phoenix-leader-usa\/#breadcrumb\",\"itemListElement\":[{\"@type\":\"ListItem\",\"position\":1,\"name\":\"Home\",\"item\":\"https:\/\/oledtransparentscreen.us\/ja\/\"},{\"@type\":\"ListItem\",\"position\":2,\"name\":\"Shop\",\"item\":\"https:\/\/oledtransparentscreen.us\/ja\/\"},{\"@type\":\"ListItem\",\"position\":3,\"name\":\"Commercial best led face mask Solution for Health Clubs &#8211; Professional Quality Tech | \u20ac84.77 | Distributor Pricing | Phoenix Leader, USA\"}]},{\"@type\":\"WebSite\",\"@id\":\"https:\/\/oledtransparentscreen.us\/#website\",\"url\":\"https:\/\/oledtransparentscreen.us\/\",\"name\":\"Launch Your Own Brand Red Light Therapy Devices in the USA &amp; Canada\",\"description\":\"Light Therapy Masks, Panels, and Pads USA &amp; Canada Wholesale Distributors\",\"potentialAction\":[{\"@type\":\"SearchAction\",\"target\":{\"@type\":\"EntryPoint\",\"urlTemplate\":\"https:\/\/oledtransparentscreen.us\/?s={search_term_string}\"},\"query-input\":{\"@type\":\"PropertyValueSpecification\",\"valueRequired\":true,\"valueName\":\"search_term_string\"}}],\"inLanguage\":\"es\"}]}<\/script>\n<!-- \/ Yoast SEO plugin. -->","yoast_head_json":{"title":"Commercial best led face mask Solution for Health Clubs - Professional Quality Tech | \u20ac84.77 | Distributor Pricing | Phoenix Leader, USA - Light Therapy Masks, Panels, and Pads USA & Canada Wholesale Distributors","robots":{"index":"index","follow":"follow","max-snippet":"max-snippet:-1","max-image-preview":"max-image-preview:large","max-video-preview":"max-video-preview:-1"},"canonical":"https:\/\/oledtransparentscreen.us\/es\/product\/commercial-best-led-face-mask-solution-for-health-clubs-professional-quality-tech-e84-77-distributor-pricing-phoenix-leader-usa\/","og_locale":"es_MX","og_type":"article","og_title":"Commercial best led face mask Solution for Health Clubs - Professional Quality Tech | \u20ac84.77 | Distributor Pricing | Phoenix Leader, USA - Light Therapy Masks, Panels, and Pads USA & Canada Wholesale Distributors","og_url":"https:\/\/oledtransparentscreen.us\/es\/product\/commercial-best-led-face-mask-solution-for-health-clubs-professional-quality-tech-e84-77-distributor-pricing-phoenix-leader-usa\/","og_site_name":"Launch Your Own Brand Red Light Therapy Devices in the USA &amp; Canada","twitter_card":"summary_large_image","schema":{"@context":"https:\/\/schema.org","@graph":[{"@type":"WebPage","@id":"https:\/\/oledtransparentscreen.us\/product\/commercial-best-led-face-mask-solution-for-health-clubs-professional-quality-tech-e84-77-distributor-pricing-phoenix-leader-usa\/","url":"https:\/\/oledtransparentscreen.us\/product\/commercial-best-led-face-mask-solution-for-health-clubs-professional-quality-tech-e84-77-distributor-pricing-phoenix-leader-usa\/","name":"Commercial best led face mask Solution for Health Clubs - Professional Quality Tech | \u20ac84.77 | Distributor Pricing | Phoenix Leader, USA - Light Therapy Masks, Panels, and Pads USA & Canada Wholesale Distributors","isPartOf":{"@id":"https:\/\/oledtransparentscreen.us\/#website"},"datePublished":"2025-10-17T15:38:23+00:00","breadcrumb":{"@id":"https:\/\/oledtransparentscreen.us\/product\/commercial-best-led-face-mask-solution-for-health-clubs-professional-quality-tech-e84-77-distributor-pricing-phoenix-leader-usa\/#breadcrumb"},"inLanguage":"es","potentialAction":[{"@type":"ReadAction","target":["https:\/\/oledtransparentscreen.us\/product\/commercial-best-led-face-mask-solution-for-health-clubs-professional-quality-tech-e84-77-distributor-pricing-phoenix-leader-usa\/"]}]},{"@type":"BreadcrumbList","@id":"https:\/\/oledtransparentscreen.us\/product\/commercial-best-led-face-mask-solution-for-health-clubs-professional-quality-tech-e84-77-distributor-pricing-phoenix-leader-usa\/#breadcrumb","itemListElement":[{"@type":"ListItem","position":1,"name":"Home","item":"https:\/\/oledtransparentscreen.us\/ja\/"},{"@type":"ListItem","position":2,"name":"Shop","item":"https:\/\/oledtransparentscreen.us\/ja\/"},{"@type":"ListItem","position":3,"name":"Commercial best led face mask Solution for Health Clubs &#8211; Professional Quality Tech | \u20ac84.77 | Distributor Pricing | Phoenix Leader, USA"}]},{"@type":"WebSite","@id":"https:\/\/oledtransparentscreen.us\/#website","url":"https:\/\/oledtransparentscreen.us\/","name":"Lance su propia marca de dispositivos de terapia con luz roja en EE.UU. y Canad\u00e1","description":"Distribuidores al por mayor de EE.UU. y Canad\u00e1 de mascarillas, paneles y almohadillas de fototerapia","potentialAction":[{"@type":"SearchAction","target":{"@type":"EntryPoint","urlTemplate":"https:\/\/oledtransparentscreen.us\/?s={search_term_string}"},"query-input":{"@type":"PropertyValueSpecification","valueRequired":true,"valueName":"search_term_string"}}],"inLanguage":"es"}]}},"_links":{"self":[{"href":"https:\/\/oledtransparentscreen.us\/es\/wp-json\/wp\/v2\/product\/1356","targetHints":{"allow":["GET"]}}],"collection":[{"href":"https:\/\/oledtransparentscreen.us\/es\/wp-json\/wp\/v2\/product"}],"about":[{"href":"https:\/\/oledtransparentscreen.us\/es\/wp-json\/wp\/v2\/types\/product"}],"replies":[{"embeddable":true,"href":"https:\/\/oledtransparentscreen.us\/es\/wp-json\/wp\/v2\/comments?post=1356"}],"wp:attachment":[{"href":"https:\/\/oledtransparentscreen.us\/es\/wp-json\/wp\/v2\/media?parent=1356"}],"wp:term":[{"taxonomy":"product_brand","embeddable":true,"href":"https:\/\/oledtransparentscreen.us\/es\/wp-json\/wp\/v2\/product_brand?post=1356"},{"taxonomy":"product_cat","embeddable":true,"href":"https:\/\/oledtransparentscreen.us\/es\/wp-json\/wp\/v2\/product_cat?post=1356"},{"taxonomy":"product_tag","embeddable":true,"href":"https:\/\/oledtransparentscreen.us\/es\/wp-json\/wp\/v2\/product_tag?post=1356"}],"curies":[{"name":"wp","href":"https:\/\/api.w.org\/{rel}","templated":true}]}}